{"id":3271,"date":"2026-01-28T00:15:18","date_gmt":"2026-01-28T00:15:18","guid":{"rendered":"https:\/\/nettoyageecovert.ca\/?page_id=3271"},"modified":"2026-02-24T01:45:40","modified_gmt":"2026-02-24T01:45:40","slug":"zones-desservies","status":"publish","type":"page","link":"https:\/\/nettoyageecovert.ca\/fr\/zones-desservies\/","title":{"rendered":"Zones Desservies"},"content":{"rendered":"<div data-elementor-type=\"wp-page\" data-elementor-id=\"3271\" class=\"elementor elementor-3271\" data-elementor-post-type=\"page\">\n\t\t\t\t<div class=\"elementor-element elementor-element-578fc7a e-flex e-con-boxed e-con e-parent\" data-id=\"578fc7a\" data-element_type=\"container\" data-e-type=\"container\">\n\t\t\t\t\t<div class=\"e-con-inner\">\n\t\t\t\t<div class=\"elementor-element elementor-element-2ffd279 elementor-headline--style-highlight elementor-widget elementor-widget-animated-headline\" data-id=\"2ffd279\" data-element_type=\"widget\" data-e-type=\"widget\" data-settings=\"{&quot;highlighted_text&quot;:&quot;Serve&quot;,&quot;headline_style&quot;:&quot;highlight&quot;,&quot;marker&quot;:&quot;circle&quot;,&quot;loop&quot;:&quot;yes&quot;,&quot;highlight_animation_duration&quot;:1200,&quot;highlight_iteration_delay&quot;:8000}\" data-widget_type=\"animated-headline.default\">\n\t\t\t\t<div class=\"elementor-widget-container\">\n\t\t\t\t\t\t\t<h1 class=\"elementor-headline\">\n\t\t\t\t\t<span class=\"elementor-headline-plain-text elementor-headline-text-wrapper\">Zones<\/span>\n\t\t\t\t<span class=\"elementor-headline-dynamic-wrapper elementor-headline-text-wrapper\">\n\t\t\t\t\t<span class=\"elementor-headline-dynamic-text elementor-headline-text-active\">Desservies<\/span>\n\t\t\t\t<\/span>\n\t\t\t\t<\/h1>\n\t\t\t\t\t\t<\/div>\n\t\t\t\t<\/div>\n\t\t\t\t\t<\/div>\n\t\t\t\t<\/div>\n\t\t<div class=\"elementor-element elementor-element-7f17676 e-flex e-con-boxed e-con e-parent\" data-id=\"7f17676\" data-element_type=\"container\" data-e-type=\"container\">\n\t\t\t\t\t<div class=\"e-con-inner\">\n\t\t\t\t<div class=\"elementor-element elementor-element-fe69b4b elementor-widget elementor-widget-heading\" data-id=\"fe69b4b\" data-element_type=\"widget\" data-e-type=\"widget\" data-widget_type=\"heading.default\">\n\t\t\t\t<div class=\"elementor-widget-container\">\n\t\t\t\t\t<h2 class=\"elementor-heading-title elementor-size-default\">Pourboire\/frais de voyage<\/h2>\t\t\t\t<\/div>\n\t\t\t\t<\/div>\n\t\t\t\t<div class=\"elementor-element elementor-element-708ef6c elementor-widget elementor-widget-text-editor\" data-id=\"708ef6c\" data-element_type=\"widget\" data-e-type=\"widget\" data-widget_type=\"text-editor.default\">\n\t\t\t\t<div class=\"elementor-widget-container\">\n\t\t\t\t\t\t\t\t\t<p>Des pourboires\/frais de voyage sont exig\u00e9s pour les lieux situ\u00e9s en dehors des fronti\u00e8res, indiqu\u00e9s sur la carte en vert. Les pourboires\/frais de voyage sont vers\u00e9s directement aux nettoyeurs et constituent une compensation pour le temps suppl\u00e9mentaire de d\u00e9placement. Ils sont calcul\u00e9s par nettoyage, et non par nettoyeur. Les zones non color\u00e9es font l\u2019objet d\u2019un devis sur demande, avant votre estimation gratuite.<\/p>\t\t\t\t\t\t\t\t<\/div>\n\t\t\t\t<\/div>\n\t\t\t\t<div class=\"elementor-element elementor-element-96743c2 elementor-widget elementor-widget-image\" data-id=\"96743c2\" data-element_type=\"widget\" data-e-type=\"widget\" data-widget_type=\"image.default\">\n\t\t\t\t<div class=\"elementor-widget-container\">\n\t\t\t\t\t\t\t\t\t\t\t\t\t\t\t<img fetchpriority=\"high\" decoding=\"async\" width=\"1536\" height=\"865\" src=\"https:\/\/nettoyageecovert.ca\/wp-content\/uploads\/2026\/02\/Map-French.png\" class=\"attachment-1536x1536 size-1536x1536 wp-image-3274\" alt=\"\" srcset=\"https:\/\/nettoyageecovert.ca\/wp-content\/uploads\/2026\/02\/Map-French.png 1600w, https:\/\/nettoyageecovert.ca\/wp-content\/uploads\/2026\/02\/Map-French-300x169.png 300w, https:\/\/nettoyageecovert.ca\/wp-content\/uploads\/2026\/02\/Map-French-1024x577.png 1024w, https:\/\/nettoyageecovert.ca\/wp-content\/uploads\/2026\/02\/Map-French-768x432.png 768w, https:\/\/nettoyageecovert.ca\/wp-content\/uploads\/2026\/02\/Map-French-1536x865.png 1536w, https:\/\/nettoyageecovert.ca\/wp-content\/uploads\/2026\/02\/Map-French-18x10.png 18w\" sizes=\"(max-width: 1536px) 100vw, 1536px\" \/>\t\t\t\t\t\t\t\t\t\t\t\t\t\t\t<\/div>\n\t\t\t\t<\/div>\n\t\t\t\t<div class=\"elementor-element elementor-element-d7119c9 elementor-widget elementor-widget-heading\" data-id=\"d7119c9\" data-element_type=\"widget\" data-e-type=\"widget\" data-widget_type=\"heading.default\">\n\t\t\t\t<div class=\"elementor-widget-container\">\n\t\t\t\t\t<h2 class=\"elementor-heading-title elementor-size-default\">Zones sans pourboire\/frais<\/h2>\t\t\t\t<\/div>\n\t\t\t\t<\/div>\n\t\t\t\t<div class=\"elementor-element elementor-element-73324a2 elementor-widget elementor-widget-text-editor\" data-id=\"73324a2\" data-element_type=\"widget\" data-e-type=\"widget\" data-widget_type=\"text-editor.default\">\n\t\t\t\t<div class=\"elementor-widget-container\">\n\t\t\t\t\t\t\t\t\t<p>\u00c0 l\u2019ouest de l\u2019autoroute 25<br \/>\u00c0 l\u2019est du boulevard Cavendish<br \/>Au sud de la rivi\u00e8re Prairies<br \/>Certaines zones au nord du fleuve Saint-Laurent<\/p>\t\t\t\t\t\t\t\t<\/div>\n\t\t\t\t<\/div>\n\t\t\t\t\t<\/div>\n\t\t\t\t<\/div>\n\t\t\t\t<\/div>","protected":false},"excerpt":{"rendered":"<p>Areas We Serve Travel Tip\/Fee There are travel tips \/ fees required for places that are located outside of the borders, shown on the map in green. Travel tip \/ fees are compensation given directly to the cleaner(s). These tips are compensation for the cleaners extra time traveling. Travel tips \/ fees are per clean, [&hellip;]<\/p>\n","protected":false},"author":11,"featured_media":0,"parent":0,"menu_order":0,"comment_status":"closed","ping_status":"closed","template":"","meta":{"footnotes":""},"class_list":["post-3271","page","type-page","status-publish","hentry"],"yoast_head":"<!-- This site is optimized with the Yoast SEO plugin v27.1.1 - https:\/\/yoast.com\/product\/yoast-seo-wordpress\/ -->\n<title>Areas We Serve - Nettoyage Eco Vert<\/title>\n<meta name=\"robots\" content=\"index, follow, max-snippet:-1, max-image-preview:large, max-video-preview:-1\" \/>\n<link rel=\"canonical\" href=\"https:\/\/nettoyageecovert.ca\/fr\/zones-desservies\/\" \/>\n<meta property=\"og:locale\" content=\"fr_CA\" \/>\n<meta property=\"og:type\" content=\"article\" \/>\n<meta property=\"og:title\" content=\"Areas We Serve - Nettoyage Eco Vert\" \/>\n<meta property=\"og:description\" content=\"Areas We Serve Travel Tip\/Fee There are travel tips \/ fees required for places that are located outside of the borders, shown on the map in green. Travel tip \/ fees are compensation given directly to the cleaner(s). These tips are compensation for the cleaners extra time traveling. Travel tips \/ fees are per clean, [&hellip;]\" \/>\n<meta property=\"og:url\" content=\"https:\/\/nettoyageecovert.ca\/fr\/zones-desservies\/\" \/>\n<meta property=\"og:site_name\" content=\"Nettoyage Eco Vert\" \/>\n<meta property=\"article:publisher\" content=\"https:\/\/www.facebook.com\/nettoyageecovert\" \/>\n<meta property=\"article:modified_time\" content=\"2026-02-24T01:45:40+00:00\" \/>\n<meta property=\"og:image\" content=\"https:\/\/nettoyageecovert.ca\/wp-content\/uploads\/2026\/01\/New-Final-Map.jpg\" \/>\n\t<meta property=\"og:image:width\" content=\"2397\" \/>\n\t<meta property=\"og:image:height\" content=\"1350\" \/>\n\t<meta property=\"og:image:type\" content=\"image\/jpeg\" \/>\n<meta name=\"twitter:card\" content=\"summary_large_image\" \/>\n<meta name=\"twitter:label1\" content=\"Estimation du temps de lecture\" \/>\n\t<meta name=\"twitter:data1\" content=\"1 minute\" \/>\n<script type=\"application\/ld+json\" class=\"yoast-schema-graph\">{\"@context\":\"https:\/\/schema.org\",\"@graph\":[{\"@type\":\"WebPage\",\"@id\":\"https:\/\/nettoyageecovert.ca\/zones-desservies\/\",\"url\":\"https:\/\/nettoyageecovert.ca\/zones-desservies\/\",\"name\":\"Areas We Serve - Nettoyage Eco Vert\",\"isPartOf\":{\"@id\":\"https:\/\/nettoyageecovert.ca\/#website\"},\"primaryImageOfPage\":{\"@id\":\"https:\/\/nettoyageecovert.ca\/zones-desservies\/#primaryimage\"},\"image\":{\"@id\":\"https:\/\/nettoyageecovert.ca\/zones-desservies\/#primaryimage\"},\"thumbnailUrl\":\"https:\/\/nettoyageecovert.ca\/wp-content\/uploads\/2026\/01\/New-Final-Map-1536x865.jpg\",\"datePublished\":\"2026-01-28T00:15:18+00:00\",\"dateModified\":\"2026-02-24T01:45:40+00:00\",\"breadcrumb\":{\"@id\":\"https:\/\/nettoyageecovert.ca\/zones-desservies\/#breadcrumb\"},\"inLanguage\":\"fr-CA\",\"potentialAction\":[{\"@type\":\"ReadAction\",\"target\":[\"https:\/\/nettoyageecovert.ca\/zones-desservies\/\"]}]},{\"@type\":\"ImageObject\",\"inLanguage\":\"fr-CA\",\"@id\":\"https:\/\/nettoyageecovert.ca\/zones-desservies\/#primaryimage\",\"url\":\"https:\/\/nettoyageecovert.ca\/wp-content\/uploads\/2026\/01\/New-Final-Map-1536x865.jpg\",\"contentUrl\":\"https:\/\/nettoyageecovert.ca\/wp-content\/uploads\/2026\/01\/New-Final-Map-1536x865.jpg\"},{\"@type\":\"BreadcrumbList\",\"@id\":\"https:\/\/nettoyageecovert.ca\/zones-desservies\/#breadcrumb\",\"itemListElement\":[{\"@type\":\"ListItem\",\"position\":1,\"name\":\"Home\",\"item\":\"https:\/\/nettoyageecovert.ca\/en\/\"},{\"@type\":\"ListItem\",\"position\":2,\"name\":\"Areas We Serve\"}]},{\"@type\":\"WebSite\",\"@id\":\"https:\/\/nettoyageecovert.ca\/#website\",\"url\":\"https:\/\/nettoyageecovert.ca\/\",\"name\":\"Nettoyage Eco Vert\",\"description\":\"\",\"publisher\":{\"@id\":\"https:\/\/nettoyageecovert.ca\/#organization\"},\"potentialAction\":[{\"@type\":\"SearchAction\",\"target\":{\"@type\":\"EntryPoint\",\"urlTemplate\":\"https:\/\/nettoyageecovert.ca\/?s={search_term_string}\"},\"query-input\":{\"@type\":\"PropertyValueSpecification\",\"valueRequired\":true,\"valueName\":\"search_term_string\"}}],\"inLanguage\":\"fr-CA\"},{\"@type\":\"Organization\",\"@id\":\"https:\/\/nettoyageecovert.ca\/#organization\",\"name\":\"Nettoyage Eco Vert\",\"url\":\"https:\/\/nettoyageecovert.ca\/\",\"logo\":{\"@type\":\"ImageObject\",\"inLanguage\":\"fr-CA\",\"@id\":\"https:\/\/nettoyageecovert.ca\/#\/schema\/logo\/image\/\",\"url\":\"https:\/\/nettoyageecovert.ca\/wp-content\/uploads\/2023\/09\/Asset-26-100x100-1.png\",\"contentUrl\":\"https:\/\/nettoyageecovert.ca\/wp-content\/uploads\/2023\/09\/Asset-26-100x100-1.png\",\"width\":100,\"height\":100,\"caption\":\"Nettoyage Eco Vert\"},\"image\":{\"@id\":\"https:\/\/nettoyageecovert.ca\/#\/schema\/logo\/image\/\"},\"sameAs\":[\"https:\/\/www.facebook.com\/nettoyageecovert\",\"https:\/\/www.instagram.com\/nettoyageecovert\/\"]}]}<\/script>\n<!-- \/ Yoast SEO plugin. -->","yoast_head_json":{"title":"Areas We Serve - Nettoyage Eco Vert","robots":{"index":"index","follow":"follow","max-snippet":"max-snippet:-1","max-image-preview":"max-image-preview:large","max-video-preview":"max-video-preview:-1"},"canonical":"https:\/\/nettoyageecovert.ca\/fr\/zones-desservies\/","og_locale":"fr_CA","og_type":"article","og_title":"Areas We Serve - Nettoyage Eco Vert","og_description":"Areas We Serve Travel Tip\/Fee There are travel tips \/ fees required for places that are located outside of the borders, shown on the map in green. Travel tip \/ fees are compensation given directly to the cleaner(s). These tips are compensation for the cleaners extra time traveling. Travel tips \/ fees are per clean, [&hellip;]","og_url":"https:\/\/nettoyageecovert.ca\/fr\/zones-desservies\/","og_site_name":"Nettoyage Eco Vert","article_publisher":"https:\/\/www.facebook.com\/nettoyageecovert","article_modified_time":"2026-02-24T01:45:40+00:00","og_image":[{"width":2397,"height":1350,"url":"https:\/\/nettoyageecovert.ca\/wp-content\/uploads\/2026\/01\/New-Final-Map.jpg","type":"image\/jpeg"}],"twitter_card":"summary_large_image","twitter_misc":{"Estimation du temps de lecture":"1 minute"},"schema":{"@context":"https:\/\/schema.org","@graph":[{"@type":"WebPage","@id":"https:\/\/nettoyageecovert.ca\/zones-desservies\/","url":"https:\/\/nettoyageecovert.ca\/zones-desservies\/","name":"Areas We Serve - Nettoyage Eco Vert","isPartOf":{"@id":"https:\/\/nettoyageecovert.ca\/#website"},"primaryImageOfPage":{"@id":"https:\/\/nettoyageecovert.ca\/zones-desservies\/#primaryimage"},"image":{"@id":"https:\/\/nettoyageecovert.ca\/zones-desservies\/#primaryimage"},"thumbnailUrl":"https:\/\/nettoyageecovert.ca\/wp-content\/uploads\/2026\/01\/New-Final-Map-1536x865.jpg","datePublished":"2026-01-28T00:15:18+00:00","dateModified":"2026-02-24T01:45:40+00:00","breadcrumb":{"@id":"https:\/\/nettoyageecovert.ca\/zones-desservies\/#breadcrumb"},"inLanguage":"fr-CA","potentialAction":[{"@type":"ReadAction","target":["https:\/\/nettoyageecovert.ca\/zones-desservies\/"]}]},{"@type":"ImageObject","inLanguage":"fr-CA","@id":"https:\/\/nettoyageecovert.ca\/zones-desservies\/#primaryimage","url":"https:\/\/nettoyageecovert.ca\/wp-content\/uploads\/2026\/01\/New-Final-Map-1536x865.jpg","contentUrl":"https:\/\/nettoyageecovert.ca\/wp-content\/uploads\/2026\/01\/New-Final-Map-1536x865.jpg"},{"@type":"BreadcrumbList","@id":"https:\/\/nettoyageecovert.ca\/zones-desservies\/#breadcrumb","itemListElement":[{"@type":"ListItem","position":1,"name":"Home","item":"https:\/\/nettoyageecovert.ca\/en\/"},{"@type":"ListItem","position":2,"name":"Areas We Serve"}]},{"@type":"WebSite","@id":"https:\/\/nettoyageecovert.ca\/#website","url":"https:\/\/nettoyageecovert.ca\/","name":"Nettoyage Eco Vert","description":"","publisher":{"@id":"https:\/\/nettoyageecovert.ca\/#organization"},"potentialAction":[{"@type":"SearchAction","target":{"@type":"EntryPoint","urlTemplate":"https:\/\/nettoyageecovert.ca\/?s={search_term_string}"},"query-input":{"@type":"PropertyValueSpecification","valueRequired":true,"valueName":"search_term_string"}}],"inLanguage":"fr-CA"},{"@type":"Organization","@id":"https:\/\/nettoyageecovert.ca\/#organization","name":"Nettoyage Eco Vert","url":"https:\/\/nettoyageecovert.ca\/","logo":{"@type":"ImageObject","inLanguage":"fr-CA","@id":"https:\/\/nettoyageecovert.ca\/#\/schema\/logo\/image\/","url":"https:\/\/nettoyageecovert.ca\/wp-content\/uploads\/2023\/09\/Asset-26-100x100-1.png","contentUrl":"https:\/\/nettoyageecovert.ca\/wp-content\/uploads\/2023\/09\/Asset-26-100x100-1.png","width":100,"height":100,"caption":"Nettoyage Eco Vert"},"image":{"@id":"https:\/\/nettoyageecovert.ca\/#\/schema\/logo\/image\/"},"sameAs":["https:\/\/www.facebook.com\/nettoyageecovert","https:\/\/www.instagram.com\/nettoyageecovert\/"]}]}},"_links":{"self":[{"href":"https:\/\/nettoyageecovert.ca\/fr\/wp-json\/wp\/v2\/pages\/3271","targetHints":{"allow":["GET"]}}],"collection":[{"href":"https:\/\/nettoyageecovert.ca\/fr\/wp-json\/wp\/v2\/pages"}],"about":[{"href":"https:\/\/nettoyageecovert.ca\/fr\/wp-json\/wp\/v2\/types\/page"}],"author":[{"embeddable":true,"href":"https:\/\/nettoyageecovert.ca\/fr\/wp-json\/wp\/v2\/users\/11"}],"replies":[{"embeddable":true,"href":"https:\/\/nettoyageecovert.ca\/fr\/wp-json\/wp\/v2\/comments?post=3271"}],"version-history":[{"count":34,"href":"https:\/\/nettoyageecovert.ca\/fr\/wp-json\/wp\/v2\/pages\/3271\/revisions"}],"predecessor-version":[{"id":3609,"href":"https:\/\/nettoyageecovert.ca\/fr\/wp-json\/wp\/v2\/pages\/3271\/revisions\/3609"}],"wp:attachment":[{"href":"https:\/\/nettoyageecovert.ca\/fr\/wp-json\/wp\/v2\/media?parent=3271"}],"curies":[{"name":"wp","href":"https:\/\/api.w.org\/{rel}","templated":true}]}}