{"id":1731,"date":"2020-09-29T18:36:02","date_gmt":"2020-09-29T18:36:02","guid":{"rendered":"https:\/\/nettoyageecovert.ca\/pricing-residential\/"},"modified":"2025-05-26T02:06:52","modified_gmt":"2025-05-26T02:06:52","slug":"pricing-residential","status":"publish","type":"page","link":"https:\/\/nettoyageecovert.ca\/fr\/pricing-residential\/","title":{"rendered":"Nos Prix"},"content":{"rendered":"<div data-elementor-type=\"wp-page\" data-elementor-id=\"1731\" class=\"elementor elementor-1731\" data-elementor-post-type=\"page\">\n\t\t\t\t<div class=\"elementor-element elementor-element-27cfc7ad e-flex e-con-boxed e-con e-parent\" data-id=\"27cfc7ad\" data-element_type=\"container\" data-e-type=\"container\">\n\t\t\t\t\t<div class=\"e-con-inner\">\n\t\t\t\t<div class=\"elementor-element elementor-element-2c8249a2 elementor-widget elementor-widget-text-editor\" data-id=\"2c8249a2\" data-element_type=\"widget\" data-e-type=\"widget\" data-widget_type=\"text-editor.default\">\n\t\t\t\t<div class=\"elementor-widget-container\">\n\t\t\t\t\t\t\t\t\t<div class=\"wp-block-siteorigin-panels-layout-block\">\n<div id=\"pl-1731\" class=\"panel-layout\">\n<div id=\"pg-1731-0\" class=\"panel-grid panel-has-style\">\n<div class=\"siteorigin-panels-stretch panel-row-style panel-row-style-for-1731-0\" data-stretch-type=\"full-stretched-padded\" data-overlay-opactity=\"1\">\n<div id=\"pgc-1731-0-0\" class=\"panel-grid-cell\">\n<div id=\"panel-1731-0-0-0\" class=\"so-panel widget widget_sow-editor panel-first-child\" data-index=\"0\">\n<div class=\"flash_inherit_color panel-widget-style panel-widget-style-for-1731-0-0-0\">\n<div class=\"so-widget-sow-editor so-widget-panels-preview\">\n<div class=\"siteorigin-widget-tinymce textwidget\">\n<p style=\"text-align: left;\"><strong><i>Tarification<\/i><\/strong><\/p>\n<p style=\"text-align: left;\"><i>Tarifs commerciaux \u2013 60 $ \/ heure \/ nettoyeur<\/i><\/p>\n<p style=\"text-align: left;\"><i>Tarifs r\u00e9sidentiels \u2013 45 $ \/ heure \/ nettoyeur<\/i><\/p>\n<p style=\"text-align: left;\"><i>Tous les contrats commencent par une estimation en personne ou en ligne.<\/i><\/p>\n<p style=\"text-align: left;\"><i>Le premier nettoyage est charg\u00e9 \u00e0 l\u2019heure . Une fois le premier nettoyage termin\u00e9, le le tarif est confirm\u00e9 et restera le m\u00eame pour tous les futurs nettoyages.<\/i><\/p>\n<p style=\"text-align: left;\"><i>Avez-vous un budget serr\u00e9? D\u00eetes le nous, car nous sommes connus pour \u00eatre tr\u00e8s cr\u00e9atifs dans pour trouver des solutions adapt\u00e9es \u00e0 tous les types de budgets.<\/i><\/p>\n<p style=\"text-align: left;\"><i><strong>Nos zones de services<\/strong><\/i><\/p>\n<p>\u00a0<\/p>\n<p style=\"text-align: left;\"><img fetchpriority=\"high\" decoding=\"async\" class=\"alignnone size-large wp-image-1847\" src=\"https:\/\/nettoyageecovert.ca\/wp-content\/uploads\/2023\/06\/Stephanie-Map-lighter-1024x503.png\" sizes=\"(max-width: 780px) 100vw, 780px\" srcset=\"https:\/\/nettoyageecovert.ca\/wp-content\/uploads\/2023\/06\/Stephanie-Map-lighter-1024x503.png 1024w, https:\/\/nettoyageecovert.ca\/wp-content\/uploads\/2023\/06\/Stephanie-Map-lighter-300x148.png 300w, https:\/\/nettoyageecovert.ca\/wp-content\/uploads\/2023\/06\/Stephanie-Map-lighter-768x378.png 768w, https:\/\/nettoyageecovert.ca\/wp-content\/uploads\/2023\/06\/Stephanie-Map-lighter.png 1200w\" alt=\"\" width=\"780\" height=\"383\" \/><\/p>\n<p style=\"text-align: left;\"><i>Nettoyage \u00c9co Vert exerce ses activit\u00e9s sans frais de transport dans les limites suivantes: \u00e0 l\u2019ouest du district de Papineau, \u00e0 l\u2019est de l\u2019autoroute 30, au sud de la rivi\u00e8re des Prairies et au nord des ponts sud.<\/i><\/p>\n<p style=\"text-align: left;\"><strong><i>Heures r\u00e9guli\u00e8res de nettoyage commercial:<\/i><\/strong><\/p>\n<p style=\"text-align: left;\"><i>Du lundi au vendredi de 5h \u00e0 20h<\/i><\/p>\n<p style=\"text-align: left;\"><i>Samedi et dimanche \u2013 6h \u00e0 18h<\/i><\/p>\n<p style=\"text-align: left;\"><strong><i>Heures r\u00e9guli\u00e8res de nettoyage r\u00e9sidentiel:<\/i><\/strong><\/p>\n<p style=\"text-align: left;\"><i>Du lundi au vendredi de 9h \u00e0 17h<\/i><\/p>\n<p style=\"text-align: left;\"><strong><i>Frais suppl\u00e9mentaires<\/i><\/strong><\/p>\n<p style=\"text-align: left;\"><i>Des frais de d\u00e9placement sont exig\u00e9s pour les lieux situ\u00e9s en dehors des zones de services. Les frais de voyage sont une compensation pour le nettoyeur, pour son temps suppl\u00e9mentaire et les frais de transport.\u00a0<\/i><\/p>\n<p style=\"text-align: left;\"><i>Les frais de fin de semaine et de soir\u00e9e sont \u00e9galement applicables lorsque les nettoyeurs travaillent en dehors de leur horaire normal (voir l\u2019horaire ci-dessus).\u00a0<\/i><\/p>\n<ul style=\"text-align: left;\">\n<li><i>R\u00e9sidentiel: 10 $ \/ nettoyeur \/ heure.\u00a0<\/i><\/li>\n<\/ul>\n<p style=\"text-align: left;\"><i>Ces frais correspondent \u00e0 une prime\/heure accord\u00e9e au personnel travaillant en dehors de ses heures normales.<\/i><\/p>\n<\/div>\n<\/div>\n<\/div>\n<\/div>\n<div id=\"panel-1731-0-0-1\" class=\"so-panel widget widget_so-premium-mirror-widget panel-last-child\" data-index=\"1\">\n<div class=\"panel-widget-style panel-widget-style-for-1731-0-0-1\">\n<div class=\"so-widget-so-premium-mirror-widget so-widget-panels-preview\">\n<div id=\"pl-w647b7b4b79283\" class=\"panel-layout\">\n<div id=\"pg-w647b7b4b79283-0\" class=\"panel-grid panel-no-style\">\n<div id=\"pgc-w647b7b4b79283-0-0\" class=\"panel-grid-cell\">\n<div id=\"panel-w647b7b4b79283-0-0-0\" class=\"so-panel widget widget_sow-contact-form panel-first-child panel-last-child\" data-index=\"0\">\n<div class=\"so-widget-sow-contact-form so-widget-panels-preview\">\n<h3 class=\"widget-title\">Nous rejoindre<\/h3>\n<form id=\"contact-form-a601\" class=\"sow-contact-form\" action=\"\/wp-admin\/admin-ajax.php?_panelsnonce=026a502276\" method=\"POST\" data-trp-original-action=\"\/wp-admin\/admin-ajax.php?_panelsnonce=026a502276\">\n<div class=\"sow-form-field sow-form-field-name\"><label class=\"sow-form-field-label-above\" for=\"sow-contact-form-field-votre-nom-110739588161d8a3bc98e46274118940\"><br \/><strong><br \/>Votre nom <\/strong><br \/><\/label><br \/><span class=\"sow-field-container\"><br \/><input id=\"sow-contact-form-field-votre-nom-110739588161d8a3bc98e46274118940\" class=\"sow-text-field\" name=\"votre-nom-110739588161d8a3bc98e46274118940\" type=\"text\" value=\"\" \/><br \/><\/span><\/div>\n<div class=\"sow-form-field sow-form-field-email\"><label class=\"sow-form-field-label-above\" for=\"sow-contact-form-field-courriel-110739588161d8a3bc98e46274118940\"><br \/><strong><br \/>Courriel <\/strong><br \/><\/label><br \/><span class=\"sow-field-container\"><br \/><input id=\"sow-contact-form-field-courriel-110739588161d8a3bc98e46274118940\" class=\"sow-text-field\" name=\"courriel-110739588161d8a3bc98e46274118940\" type=\"email\" value=\"\" \/><br \/><\/span><\/div>\n<div class=\"sow-form-field sow-form-field-subject\"><label class=\"sow-form-field-label-above\" for=\"sow-contact-form-field-sujet-110739588161d8a3bc98e46274118940\"><br \/><strong><br \/>Sujet <\/strong><br \/><\/label><br \/><span class=\"sow-field-container\"><br \/><input id=\"sow-contact-form-field-sujet-110739588161d8a3bc98e46274118940\" class=\"sow-text-field\" name=\"sujet-110739588161d8a3bc98e46274118940\" type=\"text\" value=\"\" \/><br \/><\/span><\/div>\n<div class=\"sow-form-field sow-form-field-textarea\"><label class=\"sow-form-field-label-above\" for=\"sow-contact-form-field-message-110739588161d8a3bc98e46274118940\"><br \/><strong><br \/>Message <\/strong><br \/><\/label><br \/><span class=\"sow-field-container\"><br \/><textarea id=\"sow-contact-form-field-message-110739588161d8a3bc98e46274118940\" name=\"message-110739588161d8a3bc98e46274118940\" rows=\"10\"><\/textarea><br \/><\/span><\/div>\n<div class=\"sow-form-field sow-form-field-checkboxes\"><label class=\"sow-form-field-label-above\" for=\"sow-contact-form-field-comment-avez-vous-entendu-parler-de-nous-110739588161d8a3bc98e46274118940\"><br \/><strong><br \/>Comment avez-vous entendu parler de nous? <\/strong><br \/><\/label><br \/>\n<p>\u00a0<\/p>\n<ul>\n<li><input id=\"sow-contact-form-field-comment-avez-vous-entendu-parler-de-nous-110739588161d8a3bc98e46274118940-0\" name=\"comment-avez-vous-entendu-parler-de-nous-110739588161d8a3bc98e46274118940[]\" type=\"checkbox\" value=\"Bouche \u00e0 oreille\" \/><br \/><label for=\"sow-contact-form-field-comment-avez-vous-entendu-parler-de-nous-110739588161d8a3bc98e46274118940-0\"><br \/>Bouche \u00e0 oreille <\/label><\/li>\n<li><input id=\"sow-contact-form-field-comment-avez-vous-entendu-parler-de-nous-110739588161d8a3bc98e46274118940-1\" name=\"comment-avez-vous-entendu-parler-de-nous-110739588161d8a3bc98e46274118940[]\" type=\"checkbox\" value=\"Outil de recherche\" \/><br \/><label for=\"sow-contact-form-field-comment-avez-vous-entendu-parler-de-nous-110739588161d8a3bc98e46274118940-1\"><br \/>Outil de recherche <\/label><\/li>\n<li><input id=\"sow-contact-form-field-comment-avez-vous-entendu-parler-de-nous-110739588161d8a3bc98e46274118940-2\" name=\"comment-avez-vous-entendu-parler-de-nous-110739588161d8a3bc98e46274118940[]\" type=\"checkbox\" value=\"M\u00e9dias sociaux\" \/><br \/><label for=\"sow-contact-form-field-comment-avez-vous-entendu-parler-de-nous-110739588161d8a3bc98e46274118940-2\"><br \/>M\u00e9dias sociaux <\/label><\/li>\n<\/ul>\n<p>\u00a0<\/p>\n<\/div>\n<div class=\"sow-recaptcha\" data-config=\"{&quot;sitekey&quot;:&quot;6LdPVDIiAAAAAC9MMG09t07NhupgJZOhJJregmNQ&quot;,&quot;theme&quot;:&quot;light&quot;,&quot;type&quot;:&quot;image&quot;,&quot;size&quot;:&quot;normal&quot;}\">\u00a0<\/div>\n<p><input name=\"instance_hash\" type=\"hidden\" value=\"a60149053cc9059f761f6209bccb16c3\" \/><br \/><input id=\"_wpnonce\" name=\"_wpnonce\" type=\"hidden\" value=\"24cdcaf87f\" \/><input name=\"_wp_http_referer\" type=\"hidden\" value=\"\/wp-admin\/admin-ajax.php?_panelsnonce=026a502276\" \/><\/p>\n<div class=\"sow-submit-wrapper sow-submit-styled\">\n<p><button class=\"sow-submit\"><br \/>Envoyer <\/button><\/p>\n<\/div>\n<input type=\"hidden\" name=\"trp-form-language\" value=\"fr\"\/><\/form><\/div>\n<\/div>\n<\/div>\n<\/div>\n<\/div>\n<\/div>\n<\/div>\n<\/div>\n<\/div>\n<\/div>\n<\/div>\n<\/div>\n<\/div>\n<p><!-- \/wp:siteorigin-panels\/layout-block --><\/p>\t\t\t\t\t\t\t\t<\/div>\n\t\t\t\t<\/div>\n\t\t\t\t\t<\/div>\n\t\t\t\t<\/div>\n\t\t\t\t<\/div>","protected":false},"excerpt":{"rendered":"<p>Tarification Tarifs commerciaux \u2013 60 $ \/ heure \/ nettoyeur Tarifs r\u00e9sidentiels \u2013 45 $ \/ heure \/ nettoyeur Tous les contrats commencent par une estimation en personne ou en ligne. Le premier nettoyage est charg\u00e9 \u00e0 l\u2019heure . Une fois le premier nettoyage termin\u00e9, le le tarif est confirm\u00e9 et restera le m\u00eame pour [&hellip;]<\/p>\n","protected":false},"author":2,"featured_media":0,"parent":0,"menu_order":0,"comment_status":"closed","ping_status":"closed","template":"","meta":{"footnotes":""},"class_list":["post-1731","page","type-page","status-publish","hentry"],"yoast_head":"<!-- This site is optimized with the Yoast SEO plugin v27.1.1 - https:\/\/yoast.com\/product\/yoast-seo-wordpress\/ -->\n<title>Nos Prix - Nettoyage Eco Vert<\/title>\n<meta name=\"robots\" content=\"index, follow, max-snippet:-1, max-image-preview:large, max-video-preview:-1\" \/>\n<link rel=\"canonical\" href=\"https:\/\/nettoyageecovert.ca\/fr\/pricing-residential\/\" \/>\n<meta property=\"og:locale\" content=\"fr_CA\" \/>\n<meta property=\"og:type\" content=\"article\" \/>\n<meta property=\"og:title\" content=\"Nos Prix - Nettoyage Eco Vert\" \/>\n<meta property=\"og:description\" content=\"Tarification Tarifs commerciaux \u2013 60 $ \/ heure \/ nettoyeur Tarifs r\u00e9sidentiels \u2013 45 $ \/ heure \/ nettoyeur Tous les contrats commencent par une estimation en personne ou en ligne. Le premier nettoyage est charg\u00e9 \u00e0 l\u2019heure . Une fois le premier nettoyage termin\u00e9, le le tarif est confirm\u00e9 et restera le m\u00eame pour [&hellip;]\" \/>\n<meta property=\"og:url\" content=\"https:\/\/nettoyageecovert.ca\/fr\/pricing-residential\/\" \/>\n<meta property=\"og:site_name\" content=\"Nettoyage Eco Vert\" \/>\n<meta property=\"article:publisher\" content=\"https:\/\/www.facebook.com\/nettoyageecovert\" \/>\n<meta property=\"article:modified_time\" content=\"2025-05-26T02:06:52+00:00\" \/>\n<meta property=\"og:image\" content=\"https:\/\/nettoyageecovert.ca\/wp-content\/uploads\/2023\/06\/Stephanie-Map-lighter.png\" \/>\n\t<meta property=\"og:image:width\" content=\"1200\" \/>\n\t<meta property=\"og:image:height\" content=\"590\" \/>\n\t<meta property=\"og:image:type\" content=\"image\/png\" \/>\n<meta name=\"twitter:card\" content=\"summary_large_image\" \/>\n<meta name=\"twitter:label1\" content=\"Estimation du temps de lecture\" \/>\n\t<meta name=\"twitter:data1\" content=\"2 minutes\" \/>\n<script type=\"application\/ld+json\" class=\"yoast-schema-graph\">{\"@context\":\"https:\/\/schema.org\",\"@graph\":[{\"@type\":\"WebPage\",\"@id\":\"https:\/\/nettoyageecovert.ca\/pricing-residential\/\",\"url\":\"https:\/\/nettoyageecovert.ca\/pricing-residential\/\",\"name\":\"Nos Prix - Nettoyage Eco Vert\",\"isPartOf\":{\"@id\":\"https:\/\/nettoyageecovert.ca\/#website\"},\"primaryImageOfPage\":{\"@id\":\"https:\/\/nettoyageecovert.ca\/pricing-residential\/#primaryimage\"},\"image\":{\"@id\":\"https:\/\/nettoyageecovert.ca\/pricing-residential\/#primaryimage\"},\"thumbnailUrl\":\"https:\/\/nettoyageecovert.ca\/wp-content\/uploads\/2023\/06\/Stephanie-Map-lighter-1024x503.png\",\"datePublished\":\"2020-09-29T18:36:02+00:00\",\"dateModified\":\"2025-05-26T02:06:52+00:00\",\"breadcrumb\":{\"@id\":\"https:\/\/nettoyageecovert.ca\/pricing-residential\/#breadcrumb\"},\"inLanguage\":\"fr-CA\",\"potentialAction\":[{\"@type\":\"ReadAction\",\"target\":[\"https:\/\/nettoyageecovert.ca\/pricing-residential\/\"]}]},{\"@type\":\"ImageObject\",\"inLanguage\":\"fr-CA\",\"@id\":\"https:\/\/nettoyageecovert.ca\/pricing-residential\/#primaryimage\",\"url\":\"https:\/\/nettoyageecovert.ca\/wp-content\/uploads\/2023\/06\/Stephanie-Map-lighter-1024x503.png\",\"contentUrl\":\"https:\/\/nettoyageecovert.ca\/wp-content\/uploads\/2023\/06\/Stephanie-Map-lighter-1024x503.png\"},{\"@type\":\"BreadcrumbList\",\"@id\":\"https:\/\/nettoyageecovert.ca\/pricing-residential\/#breadcrumb\",\"itemListElement\":[{\"@type\":\"ListItem\",\"position\":1,\"name\":\"Home\",\"item\":\"https:\/\/nettoyageecovert.ca\/en\/\"},{\"@type\":\"ListItem\",\"position\":2,\"name\":\"Nos Prix\"}]},{\"@type\":\"WebSite\",\"@id\":\"https:\/\/nettoyageecovert.ca\/#website\",\"url\":\"https:\/\/nettoyageecovert.ca\/\",\"name\":\"Nettoyage Eco Vert\",\"description\":\"\",\"publisher\":{\"@id\":\"https:\/\/nettoyageecovert.ca\/#organization\"},\"potentialAction\":[{\"@type\":\"SearchAction\",\"target\":{\"@type\":\"EntryPoint\",\"urlTemplate\":\"https:\/\/nettoyageecovert.ca\/?s={search_term_string}\"},\"query-input\":{\"@type\":\"PropertyValueSpecification\",\"valueRequired\":true,\"valueName\":\"search_term_string\"}}],\"inLanguage\":\"fr-CA\"},{\"@type\":\"Organization\",\"@id\":\"https:\/\/nettoyageecovert.ca\/#organization\",\"name\":\"Nettoyage Eco Vert\",\"url\":\"https:\/\/nettoyageecovert.ca\/\",\"logo\":{\"@type\":\"ImageObject\",\"inLanguage\":\"fr-CA\",\"@id\":\"https:\/\/nettoyageecovert.ca\/#\/schema\/logo\/image\/\",\"url\":\"https:\/\/nettoyageecovert.ca\/wp-content\/uploads\/2023\/09\/Asset-26-100x100-1.png\",\"contentUrl\":\"https:\/\/nettoyageecovert.ca\/wp-content\/uploads\/2023\/09\/Asset-26-100x100-1.png\",\"width\":100,\"height\":100,\"caption\":\"Nettoyage Eco Vert\"},\"image\":{\"@id\":\"https:\/\/nettoyageecovert.ca\/#\/schema\/logo\/image\/\"},\"sameAs\":[\"https:\/\/www.facebook.com\/nettoyageecovert\",\"https:\/\/www.instagram.com\/nettoyageecovert\/\"]}]}<\/script>\n<!-- \/ Yoast SEO plugin. -->","yoast_head_json":{"title":"Nos Prix - Nettoyage Eco Vert","robots":{"index":"index","follow":"follow","max-snippet":"max-snippet:-1","max-image-preview":"max-image-preview:large","max-video-preview":"max-video-preview:-1"},"canonical":"https:\/\/nettoyageecovert.ca\/fr\/pricing-residential\/","og_locale":"fr_CA","og_type":"article","og_title":"Nos Prix - Nettoyage Eco Vert","og_description":"Tarification Tarifs commerciaux \u2013 60 $ \/ heure \/ nettoyeur Tarifs r\u00e9sidentiels \u2013 45 $ \/ heure \/ nettoyeur Tous les contrats commencent par une estimation en personne ou en ligne. Le premier nettoyage est charg\u00e9 \u00e0 l\u2019heure . Une fois le premier nettoyage termin\u00e9, le le tarif est confirm\u00e9 et restera le m\u00eame pour [&hellip;]","og_url":"https:\/\/nettoyageecovert.ca\/fr\/pricing-residential\/","og_site_name":"Nettoyage Eco Vert","article_publisher":"https:\/\/www.facebook.com\/nettoyageecovert","article_modified_time":"2025-05-26T02:06:52+00:00","og_image":[{"width":1200,"height":590,"url":"https:\/\/nettoyageecovert.ca\/wp-content\/uploads\/2023\/06\/Stephanie-Map-lighter.png","type":"image\/png"}],"twitter_card":"summary_large_image","twitter_misc":{"Estimation du temps de lecture":"2 minutes"},"schema":{"@context":"https:\/\/schema.org","@graph":[{"@type":"WebPage","@id":"https:\/\/nettoyageecovert.ca\/pricing-residential\/","url":"https:\/\/nettoyageecovert.ca\/pricing-residential\/","name":"Nos Prix - Nettoyage Eco Vert","isPartOf":{"@id":"https:\/\/nettoyageecovert.ca\/#website"},"primaryImageOfPage":{"@id":"https:\/\/nettoyageecovert.ca\/pricing-residential\/#primaryimage"},"image":{"@id":"https:\/\/nettoyageecovert.ca\/pricing-residential\/#primaryimage"},"thumbnailUrl":"https:\/\/nettoyageecovert.ca\/wp-content\/uploads\/2023\/06\/Stephanie-Map-lighter-1024x503.png","datePublished":"2020-09-29T18:36:02+00:00","dateModified":"2025-05-26T02:06:52+00:00","breadcrumb":{"@id":"https:\/\/nettoyageecovert.ca\/pricing-residential\/#breadcrumb"},"inLanguage":"fr-CA","potentialAction":[{"@type":"ReadAction","target":["https:\/\/nettoyageecovert.ca\/pricing-residential\/"]}]},{"@type":"ImageObject","inLanguage":"fr-CA","@id":"https:\/\/nettoyageecovert.ca\/pricing-residential\/#primaryimage","url":"https:\/\/nettoyageecovert.ca\/wp-content\/uploads\/2023\/06\/Stephanie-Map-lighter-1024x503.png","contentUrl":"https:\/\/nettoyageecovert.ca\/wp-content\/uploads\/2023\/06\/Stephanie-Map-lighter-1024x503.png"},{"@type":"BreadcrumbList","@id":"https:\/\/nettoyageecovert.ca\/pricing-residential\/#breadcrumb","itemListElement":[{"@type":"ListItem","position":1,"name":"Home","item":"https:\/\/nettoyageecovert.ca\/en\/"},{"@type":"ListItem","position":2,"name":"Nos Prix"}]},{"@type":"WebSite","@id":"https:\/\/nettoyageecovert.ca\/#website","url":"https:\/\/nettoyageecovert.ca\/","name":"Nettoyage Eco Vert","description":"","publisher":{"@id":"https:\/\/nettoyageecovert.ca\/#organization"},"potentialAction":[{"@type":"SearchAction","target":{"@type":"EntryPoint","urlTemplate":"https:\/\/nettoyageecovert.ca\/?s={search_term_string}"},"query-input":{"@type":"PropertyValueSpecification","valueRequired":true,"valueName":"search_term_string"}}],"inLanguage":"fr-CA"},{"@type":"Organization","@id":"https:\/\/nettoyageecovert.ca\/#organization","name":"Nettoyage Eco Vert","url":"https:\/\/nettoyageecovert.ca\/","logo":{"@type":"ImageObject","inLanguage":"fr-CA","@id":"https:\/\/nettoyageecovert.ca\/#\/schema\/logo\/image\/","url":"https:\/\/nettoyageecovert.ca\/wp-content\/uploads\/2023\/09\/Asset-26-100x100-1.png","contentUrl":"https:\/\/nettoyageecovert.ca\/wp-content\/uploads\/2023\/09\/Asset-26-100x100-1.png","width":100,"height":100,"caption":"Nettoyage Eco Vert"},"image":{"@id":"https:\/\/nettoyageecovert.ca\/#\/schema\/logo\/image\/"},"sameAs":["https:\/\/www.facebook.com\/nettoyageecovert","https:\/\/www.instagram.com\/nettoyageecovert\/"]}]}},"_links":{"self":[{"href":"https:\/\/nettoyageecovert.ca\/fr\/wp-json\/wp\/v2\/pages\/1731","targetHints":{"allow":["GET"]}}],"collection":[{"href":"https:\/\/nettoyageecovert.ca\/fr\/wp-json\/wp\/v2\/pages"}],"about":[{"href":"https:\/\/nettoyageecovert.ca\/fr\/wp-json\/wp\/v2\/types\/page"}],"author":[{"embeddable":true,"href":"https:\/\/nettoyageecovert.ca\/fr\/wp-json\/wp\/v2\/users\/2"}],"replies":[{"embeddable":true,"href":"https:\/\/nettoyageecovert.ca\/fr\/wp-json\/wp\/v2\/comments?post=1731"}],"version-history":[{"count":15,"href":"https:\/\/nettoyageecovert.ca\/fr\/wp-json\/wp\/v2\/pages\/1731\/revisions"}],"predecessor-version":[{"id":2648,"href":"https:\/\/nettoyageecovert.ca\/fr\/wp-json\/wp\/v2\/pages\/1731\/revisions\/2648"}],"wp:attachment":[{"href":"https:\/\/nettoyageecovert.ca\/fr\/wp-json\/wp\/v2\/media?parent=1731"}],"curies":[{"name":"wp","href":"https:\/\/api.w.org\/{rel}","templated":true}]}}